{"id":42,"date":"2025-04-25T09:49:16","date_gmt":"2025-04-25T09:49:16","guid":{"rendered":"http:\/\/ai.migviet.com\/?page_id=42"},"modified":"2025-05-12T04:14:09","modified_gmt":"2025-05-12T04:14:09","slug":"http-ai-migviet-com-news","status":"publish","type":"page","link":"https:\/\/ai.migviet.com\/","title":{"rendered":"Trang ch\u1ee7"},"content":{"rendered":"\t\t<div data-elementor-type=\"wp-page\" data-elementor-id=\"42\" class=\"elementor elementor-42\" data-elementor-post-type=\"page\">\n\t\t\t\t<div class=\"elementor-element elementor-element-9b46038 e-flex e-con-boxed elementor-invisible e-con e-parent\" data-id=\"9b46038\" data-element_type=\"container\" data-settings=\"{&quot;animation&quot;:&quot;fadeInUp&quot;}\">\n\t\t\t\t\t<div class=\"e-con-inner\">\n\t\t<div class=\"elementor-element elementor-element-ca135c6 e-con-full e-flex e-con e-child\" data-id=\"ca135c6\" data-element_type=\"container\">\n\t\t\t\t<div class=\"elementor-element elementor-element-62683e9 elementor-widget elementor-widget-heading\" data-id=\"62683e9\" data-element_type=\"widget\" data-widget_type=\"heading.default\">\n\t\t\t\t<div class=\"elementor-widget-container\">\n\t\t\t\t\t<h4 class=\"elementor-heading-title elementor-size-default\">H\u1ec7 sinh th\u00e1i n\u00f4ng nghi\u1ec7p<\/h4>\t\t\t\t<\/div>\n\t\t\t\t<\/div>\n\t\t\t\t<div class=\"elementor-element elementor-element-d61bd90 elementor-widget elementor-widget-text-editor\" data-id=\"d61bd90\" data-element_type=\"widget\" data-widget_type=\"text-editor.default\">\n\t\t\t\t<div class=\"elementor-widget-container\">\n\t\t\t\t\t\t\t\t\t<p>H\u1ec7 sinh th\u00e1i \u0111\u01b0\u1ee3c x\u00e2y d\u1ef1ng v\u1edbi Tr\u1ee3 l\u00fd AI l\u00e0 trung t\u00e2m, \u0111\u00f3ng vai tr\u00f2 nh\u01b0 m\u1ed9t tr\u00ed tu\u1ec7 t\u1ed5ng h\u1ee3p, \u0111\u01b0\u1ee3c k\u1ebft n\u1ed1i tr\u1ef1c ti\u1ebfp v\u1edbi d\u1eef li\u1ec7u l\u1edbn \u0111\u01b0\u1ee3c thu th\u1eadp t\u1eeb h\u1ec7 th\u1ed1ng \u201cL\u1eafng nghe m\u1ea1ng x\u00e3 h\u1ed9i\u201d v\u00e0 3 n\u1ec1n t\u1ea3ng \u1ee9ng d\u1ee5ng ch\u00ednh: (1) H\u1ecfi \u0111\u00e1p ki\u1ebfn th\u1ee9c n\u00f4ng s\u1ea3n, (2) S\u00e0n th\u01b0\u01a1ng m\u1ea1i \u0111i\u1ec7n t\u1eed n\u00f4ng s\u1ea3n, (3) N\u1ec1n t\u1ea3ng du l\u1ecbch \u0111\u1ecba ph\u01b0\u01a1ng.<\/p>\t\t\t\t\t\t\t\t<\/div>\n\t\t\t\t<\/div>\n\t\t\t\t<div class=\"elementor-element elementor-element-dfd1ced elementor-align-left elementor-widget elementor-widget-button\" data-id=\"dfd1ced\" data-element_type=\"widget\" data-widget_type=\"button.default\">\n\t\t\t\t<div class=\"elementor-widget-container\">\n\t\t\t\t\t\t\t\t\t<div class=\"elementor-button-wrapper\">\n\t\t\t\t\t<a class=\"elementor-button elementor-button-link elementor-size-sm\" href=\"#\">\n\t\t\t\t\t\t<span class=\"elementor-button-content-wrapper\">\n\t\t\t\t\t\t<span class=\"elementor-button-icon\">\n\t\t\t\t<svg aria-hidden=\"true\" class=\"e-font-icon-svg e-fas-arrow-right\" viewBox=\"0 0 448 512\" xmlns=\"http:\/\/www.w3.org\/2000\/svg\"><path d=\"M190.5 66.9l22.2-22.2c9.4-9.4 24.6-9.4 33.9 0L441 239c9.4 9.4 9.4 24.6 0 33.9L246.6 467.3c-9.4 9.4-24.6 9.4-33.9 0l-22.2-22.2c-9.5-9.5-9.3-25 .4-34.3L311.4 296H24c-13.3 0-24-10.7-24-24v-32c0-13.3 10.7-24 24-24h287.4L190.9 101.2c-9.8-9.3-10-24.8-.4-34.3z\"><\/path><\/svg>\t\t\t<\/span>\n\t\t\t\t\t\t\t\t\t<span class=\"elementor-button-text\">Kh\u00e1m ph\u00e1 ngay<\/span>\n\t\t\t\t\t<\/span>\n\t\t\t\t\t<\/a>\n\t\t\t\t<\/div>\n\t\t\t\t\t\t\t\t<\/div>\n\t\t\t\t<\/div>\n\t\t\t\t<\/div>\n\t\t<div class=\"elementor-element elementor-element-572eb60 e-con-full e-flex e-con e-child\" data-id=\"572eb60\" data-element_type=\"container\">\n\t\t\t\t<div class=\"elementor-element elementor-element-44cf4d0 elementor-widget__width-initial elementor-widget elementor-widget-image\" data-id=\"44cf4d0\" data-element_type=\"widget\" data-widget_type=\"image.default\">\n\t\t\t\t<div class=\"elementor-widget-container\">\n\t\t\t\t\t\t\t\t\t\t\t\t\t\t\t<img fetchpriority=\"high\" decoding=\"async\" width=\"1024\" height=\"617\" src=\"https:\/\/ai.migviet.com\/wp-content\/uploads\/2025\/05\/He-sinh-thai-1-1024x617.png\" class=\"attachment-large size-large wp-image-382\" alt=\"\" srcset=\"https:\/\/ai.migviet.com\/wp-content\/uploads\/2025\/05\/He-sinh-thai-1-1024x617.png 1024w, https:\/\/ai.migviet.com\/wp-content\/uploads\/2025\/05\/He-sinh-thai-1-300x181.png 300w, https:\/\/ai.migviet.com\/wp-content\/uploads\/2025\/05\/He-sinh-thai-1-768x463.png 768w, https:\/\/ai.migviet.com\/wp-content\/uploads\/2025\/05\/He-sinh-thai-1.png 1050w\" sizes=\"(max-width: 1024px) 100vw, 1024px\" \/>\t\t\t\t\t\t\t\t\t\t\t\t\t\t\t<\/div>\n\t\t\t\t<\/div>\n\t\t\t\t<\/div>\n\t\t\t\t\t<\/div>\n\t\t\t\t<\/div>\n\t\t<div class=\"elementor-element elementor-element-e7e585d e-flex e-con-boxed elementor-invisible e-con e-parent\" data-id=\"e7e585d\" data-element_type=\"container\" data-settings=\"{&quot;animation&quot;:&quot;fadeInUp&quot;}\">\n\t\t\t\t\t<div class=\"e-con-inner\">\n\t\t<div class=\"elementor-element elementor-element-414d861 e-con-full e-flex e-con e-child\" data-id=\"414d861\" data-element_type=\"container\">\n\t\t\t\t<div class=\"elementor-element elementor-element-cd4d0cd elementor-widget elementor-widget-heading\" data-id=\"cd4d0cd\" data-element_type=\"widget\" data-widget_type=\"heading.default\">\n\t\t\t\t<div class=\"elementor-widget-container\">\n\t\t\t\t\t<h4 class=\"elementor-heading-title elementor-size-default\">H\u1ecfi \u0111\u00e1p ki\u1ebfn th\u1ee9c n\u00f4ng s\u1ea3n<\/h4>\t\t\t\t<\/div>\n\t\t\t\t<\/div>\n\t\t\t\t<div class=\"elementor-element elementor-element-f88196e elementor-widget elementor-widget-text-editor\" data-id=\"f88196e\" data-element_type=\"widget\" data-widget_type=\"text-editor.default\">\n\t\t\t\t<div class=\"elementor-widget-container\">\n\t\t\t\t\t\t\t\t\t<p>\u1ee8ng d\u1ee5ng n\u00e0y l\u00e0 trung t\u00e2m tri th\u1ee9c cho ng\u01b0\u1eddi n\u00f4ng d\u00e2n, gi\u00fap h\u1ecd tra c\u1ee9u th\u00f4ng tin v\u1ec1 canh t\u00e1c, ch\u0103n nu\u00f4i, ph\u00f2ng tr\u1eeb s\u00e2u b\u1ec7nh, gi\u00e1 c\u1ea3 th\u1ecb tr\u01b0\u1eddng, v\u00e0 th\u1eddi ti\u1ebft theo th\u1eddi gian th\u1ef1c. B\u00ean c\u1ea1nh \u0111\u00f3 \u1ee9ng d\u1ee5ng v\u1edbi kh\u1ea3 n\u0103ng t\u00ecm ki\u1ebfm, k\u1ebft n\u1ed1i chuy\u00ean gia t\u01b0 v\u1ea5n, ph\u00f9 h\u1ee3p v\u00e0 ch\u00ednh x\u00e1c v\u1edbi t\u00ecnh hu\u1ed1ng c\u1ee5 th\u1ec3.<\/p>\t\t\t\t\t\t\t\t<\/div>\n\t\t\t\t<\/div>\n\t\t\t\t<div class=\"elementor-element elementor-element-dc508dd elementor-align-left elementor-widget elementor-widget-button\" data-id=\"dc508dd\" data-element_type=\"widget\" data-widget_type=\"button.default\">\n\t\t\t\t<div class=\"elementor-widget-container\">\n\t\t\t\t\t\t\t\t\t<div class=\"elementor-button-wrapper\">\n\t\t\t\t\t<a class=\"elementor-button elementor-button-link elementor-size-sm\" href=\"#\">\n\t\t\t\t\t\t<span class=\"elementor-button-content-wrapper\">\n\t\t\t\t\t\t<span class=\"elementor-button-icon\">\n\t\t\t\t<svg aria-hidden=\"true\" class=\"e-font-icon-svg e-fas-arrow-right\" viewBox=\"0 0 448 512\" xmlns=\"http:\/\/www.w3.org\/2000\/svg\"><path d=\"M190.5 66.9l22.2-22.2c9.4-9.4 24.6-9.4 33.9 0L441 239c9.4 9.4 9.4 24.6 0 33.9L246.6 467.3c-9.4 9.4-24.6 9.4-33.9 0l-22.2-22.2c-9.5-9.5-9.3-25 .4-34.3L311.4 296H24c-13.3 0-24-10.7-24-24v-32c0-13.3 10.7-24 24-24h287.4L190.9 101.2c-9.8-9.3-10-24.8-.4-34.3z\"><\/path><\/svg>\t\t\t<\/span>\n\t\t\t\t\t\t\t\t\t<span class=\"elementor-button-text\">Kh\u00e1m ph\u00e1 ngay<\/span>\n\t\t\t\t\t<\/span>\n\t\t\t\t\t<\/a>\n\t\t\t\t<\/div>\n\t\t\t\t\t\t\t\t<\/div>\n\t\t\t\t<\/div>\n\t\t\t\t<\/div>\n\t\t<div class=\"elementor-element elementor-element-6c3d969 e-con-full e-flex e-con e-child\" data-id=\"6c3d969\" data-element_type=\"container\">\n\t\t\t\t<div class=\"elementor-element elementor-element-e7d878a elementor-widget__width-initial elementor-widget elementor-widget-image\" data-id=\"e7d878a\" data-element_type=\"widget\" data-widget_type=\"image.default\">\n\t\t\t\t<div class=\"elementor-widget-container\">\n\t\t\t\t\t\t\t\t\t\t\t\t\t\t\t<img fetchpriority=\"high\" decoding=\"async\" width=\"1024\" height=\"617\" src=\"https:\/\/ai.migviet.com\/wp-content\/uploads\/2025\/05\/He-sinh-thai-1-1024x617.png\" class=\"attachment-large size-large wp-image-382\" alt=\"\" srcset=\"https:\/\/ai.migviet.com\/wp-content\/uploads\/2025\/05\/He-sinh-thai-1-1024x617.png 1024w, https:\/\/ai.migviet.com\/wp-content\/uploads\/2025\/05\/He-sinh-thai-1-300x181.png 300w, https:\/\/ai.migviet.com\/wp-content\/uploads\/2025\/05\/He-sinh-thai-1-768x463.png 768w, https:\/\/ai.migviet.com\/wp-content\/uploads\/2025\/05\/He-sinh-thai-1.png 1050w\" sizes=\"(max-width: 1024px) 100vw, 1024px\" \/>\t\t\t\t\t\t\t\t\t\t\t\t\t\t\t<\/div>\n\t\t\t\t<\/div>\n\t\t\t\t<\/div>\n\t\t\t\t\t<\/div>\n\t\t\t\t<\/div>\n\t\t<div class=\"elementor-element elementor-element-cd18d95 e-flex e-con-boxed elementor-invisible e-con e-parent\" data-id=\"cd18d95\" data-element_type=\"container\" data-settings=\"{&quot;animation&quot;:&quot;fadeInUp&quot;}\">\n\t\t\t\t\t<div class=\"e-con-inner\">\n\t\t<div class=\"elementor-element elementor-element-ec8bf2a e-con-full e-flex e-con e-child\" data-id=\"ec8bf2a\" data-element_type=\"container\">\n\t\t\t\t<div class=\"elementor-element elementor-element-75e4aea elementor-widget elementor-widget-heading\" data-id=\"75e4aea\" data-element_type=\"widget\" data-widget_type=\"heading.default\">\n\t\t\t\t<div class=\"elementor-widget-container\">\n\t\t\t\t\t<h4 class=\"elementor-heading-title elementor-size-default\">S\u00e0n th\u01b0\u01a1ng m\u1ea1i \u0111i\u1ec7n t\u1eed n\u00f4ng s\u1ea3n<\/h4>\t\t\t\t<\/div>\n\t\t\t\t<\/div>\n\t\t\t\t<div class=\"elementor-element elementor-element-136a391 elementor-widget elementor-widget-text-editor\" data-id=\"136a391\" data-element_type=\"widget\" data-widget_type=\"text-editor.default\">\n\t\t\t\t<div class=\"elementor-widget-container\">\n\t\t\t\t\t\t\t\t\t<p>\u1ee8ng d\u1ee5ng n\u00e0y kh\u00f4ng tri\u1ec3n m\u00f4 h\u00ecnh th\u01b0\u01a1ng m\u1ea1i \u0111i\u1ec7n t\u1eed theo ki\u1ec3u truy\u1ec1n th\u1ed1ng (mua b\u00e1n tr\u1ef1c ti\u1ebfp tr\u00ean n\u1ec1n t\u1ea3ng), m\u00e0 thay v\u00e0o \u0111\u00f3 t\u1eadp trung v\u00e0o vi\u1ec7c k\u1ebft n\u1ed1i, qu\u1ea3ng b\u00e1 v\u00e0 gi\u00fap n\u00f4ng d\u00e2n, th\u01b0\u01a1ng l\u00e1i d\u1ec5 d\u00e0ng t\u00ecm \u0111\u01b0\u1ee3c \u0111\u1ed1i t\u00e1c kinh doanh ph\u00f9 h\u1ee3p. \u0110\u00e2y l\u00e0 <strong>trung t\u00e2m k\u1ebft n\u1ed1i cung \u2013 c\u1ea7u n\u00f4ng s\u1ea3n<\/strong>, gi\u00fap c\u00e1 nh\u00e2n, th\u01b0\u01a1ng l\u00e1i v\u00e0 doanh nghi\u1ec7p ti\u1ebfp c\u1eadn ngu\u1ed3n h\u00e0ng &amp; th\u1ecb tr\u01b0\u1eddng nhanh ch\u00f3ng h\u01a1n, m\u00e0 kh\u00f4ng c\u1ea7n th\u00f4ng qua nhi\u1ec1u kh\u00e2u trung gian.<\/p>\t\t\t\t\t\t\t\t<\/div>\n\t\t\t\t<\/div>\n\t\t\t\t<div class=\"elementor-element elementor-element-6848601 elementor-align-left elementor-widget elementor-widget-button\" data-id=\"6848601\" data-element_type=\"widget\" data-widget_type=\"button.default\">\n\t\t\t\t<div class=\"elementor-widget-container\">\n\t\t\t\t\t\t\t\t\t<div class=\"elementor-button-wrapper\">\n\t\t\t\t\t<a class=\"elementor-button elementor-button-link elementor-size-sm\" href=\"#\">\n\t\t\t\t\t\t<span class=\"elementor-button-content-wrapper\">\n\t\t\t\t\t\t<span class=\"elementor-button-icon\">\n\t\t\t\t<svg aria-hidden=\"true\" class=\"e-font-icon-svg e-fas-arrow-right\" viewBox=\"0 0 448 512\" xmlns=\"http:\/\/www.w3.org\/2000\/svg\"><path d=\"M190.5 66.9l22.2-22.2c9.4-9.4 24.6-9.4 33.9 0L441 239c9.4 9.4 9.4 24.6 0 33.9L246.6 467.3c-9.4 9.4-24.6 9.4-33.9 0l-22.2-22.2c-9.5-9.5-9.3-25 .4-34.3L311.4 296H24c-13.3 0-24-10.7-24-24v-32c0-13.3 10.7-24 24-24h287.4L190.9 101.2c-9.8-9.3-10-24.8-.4-34.3z\"><\/path><\/svg>\t\t\t<\/span>\n\t\t\t\t\t\t\t\t\t<span class=\"elementor-button-text\">Kh\u00e1m ph\u00e1 ngay<\/span>\n\t\t\t\t\t<\/span>\n\t\t\t\t\t<\/a>\n\t\t\t\t<\/div>\n\t\t\t\t\t\t\t\t<\/div>\n\t\t\t\t<\/div>\n\t\t\t\t<\/div>\n\t\t<div class=\"elementor-element elementor-element-c239657 e-con-full e-flex e-con e-child\" data-id=\"c239657\" data-element_type=\"container\">\n\t\t\t\t<div class=\"elementor-element elementor-element-b418203 elementor-widget__width-initial elementor-widget elementor-widget-image\" data-id=\"b418203\" data-element_type=\"widget\" data-widget_type=\"image.default\">\n\t\t\t\t<div class=\"elementor-widget-container\">\n\t\t\t\t\t\t\t\t\t\t\t\t\t\t\t<img fetchpriority=\"high\" decoding=\"async\" width=\"1024\" height=\"617\" src=\"https:\/\/ai.migviet.com\/wp-content\/uploads\/2025\/05\/He-sinh-thai-1-1024x617.png\" class=\"attachment-large size-large wp-image-382\" alt=\"\" srcset=\"https:\/\/ai.migviet.com\/wp-content\/uploads\/2025\/05\/He-sinh-thai-1-1024x617.png 1024w, https:\/\/ai.migviet.com\/wp-content\/uploads\/2025\/05\/He-sinh-thai-1-300x181.png 300w, https:\/\/ai.migviet.com\/wp-content\/uploads\/2025\/05\/He-sinh-thai-1-768x463.png 768w, https:\/\/ai.migviet.com\/wp-content\/uploads\/2025\/05\/He-sinh-thai-1.png 1050w\" sizes=\"(max-width: 1024px) 100vw, 1024px\" \/>\t\t\t\t\t\t\t\t\t\t\t\t\t\t\t<\/div>\n\t\t\t\t<\/div>\n\t\t\t\t<\/div>\n\t\t\t\t\t<\/div>\n\t\t\t\t<\/div>\n\t\t<div class=\"elementor-element elementor-element-fc051fc e-flex e-con-boxed elementor-invisible e-con e-parent\" data-id=\"fc051fc\" data-element_type=\"container\" data-settings=\"{&quot;animation&quot;:&quot;fadeInUp&quot;}\">\n\t\t\t\t\t<div class=\"e-con-inner\">\n\t\t<div class=\"elementor-element elementor-element-a0dccdb e-con-full e-flex e-con e-child\" data-id=\"a0dccdb\" data-element_type=\"container\">\n\t\t\t\t<div class=\"elementor-element elementor-element-d4acdf1 elementor-widget elementor-widget-heading\" data-id=\"d4acdf1\" data-element_type=\"widget\" data-widget_type=\"heading.default\">\n\t\t\t\t<div class=\"elementor-widget-container\">\n\t\t\t\t\t<h4 class=\"elementor-heading-title elementor-size-default\">Du l\u1ecbch \u0111\u1ecba ph\u01b0\u01a1ng<\/h4>\t\t\t\t<\/div>\n\t\t\t\t<\/div>\n\t\t\t\t<div class=\"elementor-element elementor-element-ad190bb elementor-widget elementor-widget-text-editor\" data-id=\"ad190bb\" data-element_type=\"widget\" data-widget_type=\"text-editor.default\">\n\t\t\t\t<div class=\"elementor-widget-container\">\n\t\t\t\t\t\t\t\t\t<p>\u1ee8ng d\u1ee5ng trong h\u1ec7 sinh th\u00e1i gi\u00fap du kh\u00e1ch d\u1ec5 d\u00e0ng t\u00ecm ki\u1ebfm \u0111\u1ecba \u0111i\u1ec3m du l\u1ecbch \u0111\u1ecba ph\u01b0\u01a1ng n\u1ed5i b\u1eadt, d\u1ecbch v\u1ee5 l\u1eef h\u00e0nh, n\u01a1i l\u01b0u tr\u00fa ph\u00f9 h\u1ee3p v\u1edbi s\u1edf th\u00edch c\u00e1 nh\u00e2n, \u0111\u1ed3ng th\u1eddi gi\u00fap ng\u01b0\u1eddi d\u00e2n \u0111\u1ecba ph\u01b0\u01a1ng qu\u1ea3ng b\u00e1 v\u0103n h\u00f3a, c\u1ea3nh \u0111\u1eb9p v\u00e0 k\u1ebft n\u1ed1i v\u1edbi kh\u00e1ch du l\u1ecbch c\u00f3 nhu c\u1ea7u. Ngo\u00e0i ra v\u1edbi s\u1ef1 h\u1ed7 tr\u1ee3 t\u1eeb h\u1ec7 sinh th\u00e1i s\u1ea3n ph\u1ea9m, \u1ee9ng d\u1ee5ng s\u1ebd gi\u00fap t\u0103ng t\u1ed1i \u0111a tr\u1ea3i nghi\u1ec7m c\u00e1 nh\u00e2n h\u00f3a cho h\u00e0nh tr\u00ecnh du l\u1ecbch \u0111\u1ecba ph\u01b0\u01a1ng c\u1ee7a du kh\u00e1ch.<\/p>\t\t\t\t\t\t\t\t<\/div>\n\t\t\t\t<\/div>\n\t\t\t\t<div class=\"elementor-element elementor-element-869cddf elementor-align-left elementor-widget elementor-widget-button\" data-id=\"869cddf\" data-element_type=\"widget\" data-widget_type=\"button.default\">\n\t\t\t\t<div class=\"elementor-widget-container\">\n\t\t\t\t\t\t\t\t\t<div class=\"elementor-button-wrapper\">\n\t\t\t\t\t<a class=\"elementor-button elementor-button-link elementor-size-sm\" href=\"#\">\n\t\t\t\t\t\t<span class=\"elementor-button-content-wrapper\">\n\t\t\t\t\t\t<span class=\"elementor-button-icon\">\n\t\t\t\t<svg aria-hidden=\"true\" class=\"e-font-icon-svg e-fas-arrow-right\" viewBox=\"0 0 448 512\" xmlns=\"http:\/\/www.w3.org\/2000\/svg\"><path d=\"M190.5 66.9l22.2-22.2c9.4-9.4 24.6-9.4 33.9 0L441 239c9.4 9.4 9.4 24.6 0 33.9L246.6 467.3c-9.4 9.4-24.6 9.4-33.9 0l-22.2-22.2c-9.5-9.5-9.3-25 .4-34.3L311.4 296H24c-13.3 0-24-10.7-24-24v-32c0-13.3 10.7-24 24-24h287.4L190.9 101.2c-9.8-9.3-10-24.8-.4-34.3z\"><\/path><\/svg>\t\t\t<\/span>\n\t\t\t\t\t\t\t\t\t<span class=\"elementor-button-text\">Kh\u00e1m ph\u00e1 ngay<\/span>\n\t\t\t\t\t<\/span>\n\t\t\t\t\t<\/a>\n\t\t\t\t<\/div>\n\t\t\t\t\t\t\t\t<\/div>\n\t\t\t\t<\/div>\n\t\t\t\t<\/div>\n\t\t<div class=\"elementor-element elementor-element-86f1255 e-con-full e-flex e-con e-child\" data-id=\"86f1255\" data-element_type=\"container\">\n\t\t\t\t<div class=\"elementor-element elementor-element-df33e3b elementor-widget__width-initial elementor-widget elementor-widget-image\" data-id=\"df33e3b\" data-element_type=\"widget\" data-widget_type=\"image.default\">\n\t\t\t\t<div class=\"elementor-widget-container\">\n\t\t\t\t\t\t\t\t\t\t\t\t\t\t\t<img fetchpriority=\"high\" decoding=\"async\" width=\"1024\" height=\"617\" src=\"https:\/\/ai.migviet.com\/wp-content\/uploads\/2025\/05\/He-sinh-thai-1-1024x617.png\" class=\"attachment-large size-large wp-image-382\" alt=\"\" srcset=\"https:\/\/ai.migviet.com\/wp-content\/uploads\/2025\/05\/He-sinh-thai-1-1024x617.png 1024w, https:\/\/ai.migviet.com\/wp-content\/uploads\/2025\/05\/He-sinh-thai-1-300x181.png 300w, https:\/\/ai.migviet.com\/wp-content\/uploads\/2025\/05\/He-sinh-thai-1-768x463.png 768w, https:\/\/ai.migviet.com\/wp-content\/uploads\/2025\/05\/He-sinh-thai-1.png 1050w\" sizes=\"(max-width: 1024px) 100vw, 1024px\" \/>\t\t\t\t\t\t\t\t\t\t\t\t\t\t\t<\/div>\n\t\t\t\t<\/div>\n\t\t\t\t<\/div>\n\t\t\t\t\t<\/div>\n\t\t\t\t<\/div>\n\t\t<div class=\"elementor-element elementor-element-0948aad e-flex e-con-boxed e-con e-parent\" data-id=\"0948aad\" data-element_type=\"container\">\n\t\t\t\t\t<div class=\"e-con-inner\">\n\t\t\t\t<div class=\"elementor-element elementor-element-7753ca6 elementor-widget elementor-widget-heading\" data-id=\"7753ca6\" data-element_type=\"widget\" data-widget_type=\"heading.default\">\n\t\t\t\t<div class=\"elementor-widget-container\">\n\t\t\t\t\t<h2 class=\"elementor-heading-title elementor-size-default\">M\u1ee5c ti\u00eau Tr\u1ee3 l\u00fd \u1ea3o<\/h2>\t\t\t\t<\/div>\n\t\t\t\t<\/div>\n\t\t\t\t\t<\/div>\n\t\t\t\t<\/div>\n\t\t<div class=\"elementor-element elementor-element-6a5d60e e-flex e-con-boxed elementor-invisible e-con e-parent\" data-id=\"6a5d60e\" data-element_type=\"container\" data-settings=\"{&quot;animation&quot;:&quot;fadeInUp&quot;}\">\n\t\t\t\t\t<div class=\"e-con-inner\">\n\t\t<div class=\"elementor-element elementor-element-5980aa7 e-con-full e-flex e-con e-child\" data-id=\"5980aa7\" data-element_type=\"container\">\n\t\t\t\t<div class=\"elementor-element elementor-element-3e9f6f9 elementor-widget__width-initial elementor-widget elementor-widget-image\" data-id=\"3e9f6f9\" data-element_type=\"widget\" data-widget_type=\"image.default\">\n\t\t\t\t<div class=\"elementor-widget-container\">\n\t\t\t\t\t\t\t\t\t\t\t\t\t\t\t<img decoding=\"async\" width=\"300\" height=\"188\" src=\"https:\/\/ai.migviet.com\/wp-content\/uploads\/2025\/05\/66929-e1746766025963-300x188.jpg\" class=\"attachment-medium size-medium wp-image-391\" alt=\"\" srcset=\"https:\/\/ai.migviet.com\/wp-content\/uploads\/2025\/05\/66929-e1746766025963-300x188.jpg 300w, https:\/\/ai.migviet.com\/wp-content\/uploads\/2025\/05\/66929-e1746766025963-1024x642.jpg 1024w, https:\/\/ai.migviet.com\/wp-content\/uploads\/2025\/05\/66929-e1746766025963-768x481.jpg 768w\" sizes=\"(max-width: 300px) 100vw, 300px\" \/>\t\t\t\t\t\t\t\t\t\t\t\t\t\t\t<\/div>\n\t\t\t\t<\/div>\n\t\t\t\t<\/div>\n\t\t<div class=\"elementor-element elementor-element-0d0e885 e-con-full e-flex e-con e-child\" data-id=\"0d0e885\" data-element_type=\"container\">\n\t\t\t\t<div class=\"elementor-element elementor-element-7436392 elementor-widget__width-initial elementor-widget elementor-widget-text-editor\" data-id=\"7436392\" data-element_type=\"widget\" data-widget_type=\"text-editor.default\">\n\t\t\t\t<div class=\"elementor-widget-container\">\n\t\t\t\t\t\t\t\t\t<ul><li class=\"\" data-start=\"112\" data-end=\"275\"><p class=\"\" data-start=\"114\" data-end=\"275\"><strong>Cung c\u1ea5p th\u00f4ng tin thi\u1ebft y\u1ebfu:<\/strong> Tr\u1ee3 l\u00fd \u1ea3o h\u1ed7 tr\u1ee3 ng\u01b0\u1eddi d\u00e2n ti\u1ebfp c\u1eadn th\u00f4ng tin v\u1ec1 th\u1eddi ti\u1ebft, gi\u00e1 c\u1ea3, th\u1ecb tr\u01b0\u1eddng v\u00e0 k\u1ef9 thu\u1eadt n\u00f4ng nghi\u1ec7p qua ng\u00f4n ng\u1eef t\u1ef1 nhi\u00ean.<\/p><\/li><li class=\"\" data-start=\"276\" data-end=\"401\"><p class=\"\" data-start=\"278\" data-end=\"401\"><strong data-start=\"278\" data-end=\"309\">Ph\u00e1t tri\u1ec3n s\u00e0n giao d\u1ecbch s\u1ed1<\/strong>: K\u1ebft n\u1ed1i ng\u01b0\u1eddi d\u00e2n mua b\u00e1n n\u00f4ng s\u1ea3n, th\u1ee7 c\u00f4ng m\u1ef9 ngh\u1ec7 v\u00e0 d\u1ecbch v\u1ee5 qua n\u1ec1n t\u1ea3ng tr\u1ef1c tuy\u1ebfn.<\/p><\/li><li class=\"\" data-start=\"402\" data-end=\"505\"><p class=\"\" data-start=\"404\" data-end=\"505\"><strong data-start=\"404\" data-end=\"427\">N\u00e2ng cao k\u1ef9 n\u0103ng s\u1ed1<\/strong>: T\u1ed5 ch\u1ee9c \u0111\u00e0o t\u1ea1o k\u1ef9 n\u0103ng s\u1eed d\u1ee5ng c\u00f4ng ngh\u1ec7 v\u00e0 tr\u1ee3 l\u00fd \u1ea3o t\u1ea1i c\u00e1c \u0111i\u1ec3m B\u0110VHX.<\/p><\/li><li class=\"\" data-start=\"506\" data-end=\"610\"><p class=\"\" data-start=\"508\" data-end=\"610\"><strong data-start=\"508\" data-end=\"539\">Th\u00fac \u0111\u1ea9y kinh t\u1ebf \u0111\u1ecba ph\u01b0\u01a1ng<\/strong>: H\u1ed7 tr\u1ee3 ti\u00eau th\u1ee5, ki\u1ec3m so\u00e1t ch\u1ea5t l\u01b0\u1ee3ng v\u00e0 n\u00e2ng cao gi\u00e1 tr\u1ecb s\u1ea3n ph\u1ea9m.<\/p><\/li><li class=\"\" data-start=\"611\" data-end=\"736\"><p class=\"\" data-start=\"613\" data-end=\"736\"><strong data-start=\"613\" data-end=\"647\">C\u1ea3i thi\u1ec7n thu nh\u1eadp v\u00e0 \u0111\u1eddi s\u1ed1ng<\/strong>: \u1ee8ng d\u1ee5ng c\u00f4ng ngh\u1ec7 \u0111\u1ec3 n\u00e2ng cao hi\u1ec7u qu\u1ea3 s\u1ea3n xu\u1ea5t, ti\u1ebfp c\u1eadn th\u1ecb tr\u01b0\u1eddng v\u00e0 t\u0103ng thu nh\u1eadp.<\/p><\/li><\/ul>\t\t\t\t\t\t\t\t<\/div>\n\t\t\t\t<\/div>\n\t\t\t\t<\/div>\n\t\t\t\t\t<\/div>\n\t\t\t\t<\/div>\n\t\t\t\t<\/div>\n\t\t","protected":false},"excerpt":{"rendered":"<p>H\u1ec7 sinh th\u00e1i n\u00f4ng nghi\u1ec7p H\u1ec7 sinh th\u00e1i \u0111\u01b0\u1ee3c x\u00e2y d\u1ef1ng v\u1edbi Tr\u1ee3 l\u00fd AI l\u00e0 trung t\u00e2m, \u0111\u00f3ng vai tr\u00f2 nh\u01b0 m\u1ed9t tr\u00ed tu\u1ec7 t\u1ed5ng h\u1ee3p, \u0111\u01b0\u1ee3c k\u1ebft n\u1ed1i tr\u1ef1c ti\u1ebfp v\u1edbi d\u1eef li\u1ec7u l\u1edbn \u0111\u01b0\u1ee3c thu th\u1eadp t\u1eeb h\u1ec7 th\u1ed1ng \u201cL\u1eafng nghe m\u1ea1ng x\u00e3 h\u1ed9i\u201d v\u00e0 3 n\u1ec1n t\u1ea3ng \u1ee9ng d\u1ee5ng ch\u00ednh: (1) [&hellip;]<\/p>\n","protected":false},"author":1,"featured_media":0,"parent":0,"menu_order":0,"comment_status":"closed","ping_status":"closed","template":"","meta":{"footnotes":""},"class_list":["post-42","page","type-page","status-publish","hentry"],"blocksy_meta":[],"_links":{"self":[{"href":"https:\/\/ai.migviet.com\/index.php?rest_route=\/wp\/v2\/pages\/42","targetHints":{"allow":["GET"]}}],"collection":[{"href":"https:\/\/ai.migviet.com\/index.php?rest_route=\/wp\/v2\/pages"}],"about":[{"href":"https:\/\/ai.migviet.com\/index.php?rest_route=\/wp\/v2\/types\/page"}],"author":[{"embeddable":true,"href":"https:\/\/ai.migviet.com\/index.php?rest_route=\/wp\/v2\/users\/1"}],"replies":[{"embeddable":true,"href":"https:\/\/ai.migviet.com\/index.php?rest_route=%2Fwp%2Fv2%2Fcomments&post=42"}],"version-history":[{"count":144,"href":"https:\/\/ai.migviet.com\/index.php?rest_route=\/wp\/v2\/pages\/42\/revisions"}],"predecessor-version":[{"id":661,"href":"https:\/\/ai.migviet.com\/index.php?rest_route=\/wp\/v2\/pages\/42\/revisions\/661"}],"wp:attachment":[{"href":"https:\/\/ai.migviet.com\/index.php?rest_route=%2Fwp%2Fv2%2Fmedia&parent=42"}],"curies":[{"name":"wp","href":"https:\/\/api.w.org\/{rel}","templated":true}]}}