{"id":479,"date":"2025-05-09T04:15:52","date_gmt":"2025-05-09T04:15:52","guid":{"rendered":"https:\/\/ai.migviet.com\/?page_id=479"},"modified":"2025-05-12T04:04:34","modified_gmt":"2025-05-12T04:04:34","slug":"hoi-dap-kien-thuc-nong-san","status":"publish","type":"page","link":"https:\/\/ai.migviet.com\/?page_id=479","title":{"rendered":"H\u1ecfi d\u00e1p ki\u1ebfn th\u1ee9c n\u00f4ng s\u1ea3n"},"content":{"rendered":"\t\t<div data-elementor-type=\"wp-page\" data-elementor-id=\"479\" class=\"elementor elementor-479\" data-elementor-post-type=\"page\">\n\t\t\t\t<div class=\"elementor-element elementor-element-4d48001 e-flex e-con-boxed e-con e-parent\" data-id=\"4d48001\" data-element_type=\"container\">\n\t\t\t\t\t<div class=\"e-con-inner\">\n\t\t\t\t<div class=\"elementor-element elementor-element-8485c56 elementor-grid-3 elementor-grid-tablet-2 elementor-grid-mobile-1 elementor-posts--thumbnail-top elementor-widget elementor-widget-posts\" data-id=\"8485c56\" data-element_type=\"widget\" data-settings=\"{&quot;classic_columns&quot;:&quot;3&quot;,&quot;classic_columns_tablet&quot;:&quot;2&quot;,&quot;classic_columns_mobile&quot;:&quot;1&quot;,&quot;classic_row_gap&quot;:{&quot;unit&quot;:&quot;px&quot;,&quot;size&quot;:35,&quot;sizes&quot;:[]},&quot;classic_row_gap_tablet&quot;:{&quot;unit&quot;:&quot;px&quot;,&quot;size&quot;:&quot;&quot;,&quot;sizes&quot;:[]},&quot;classic_row_gap_mobile&quot;:{&quot;unit&quot;:&quot;px&quot;,&quot;size&quot;:&quot;&quot;,&quot;sizes&quot;:[]}}\" data-widget_type=\"posts.classic\">\n\t\t\t\t<div class=\"elementor-widget-container\">\n\t\t\t\t\t\t\t<div class=\"elementor-posts-container elementor-posts elementor-posts--skin-classic elementor-grid\">\n\t\t\t\t<article class=\"elementor-post elementor-grid-item post-621 post type-post status-publish format-standard has-post-thumbnail hentry category-hoi-dap-kien-thuc-nong-san\">\n\t\t\t\t<a class=\"elementor-post__thumbnail__link\" href=\"https:\/\/ai.migviet.com\/?p=621\" tabindex=\"-1\" >\n\t\t\t<div class=\"elementor-post__thumbnail\"><img fetchpriority=\"high\" decoding=\"async\" width=\"300\" height=\"225\" src=\"https:\/\/ai.migviet.com\/wp-content\/uploads\/2025\/05\/nong-nghiep-4.0-la-gi-300x225.jpg\" class=\"attachment-medium size-medium wp-image-550\" alt=\"\" srcset=\"https:\/\/ai.migviet.com\/wp-content\/uploads\/2025\/05\/nong-nghiep-4.0-la-gi-300x225.jpg 300w, https:\/\/ai.migviet.com\/wp-content\/uploads\/2025\/05\/nong-nghiep-4.0-la-gi-768x576.jpg 768w, https:\/\/ai.migviet.com\/wp-content\/uploads\/2025\/05\/nong-nghiep-4.0-la-gi.jpg 800w\" sizes=\"(max-width: 300px) 100vw, 300px\" \/><\/div>\n\t\t<\/a>\n\t\t\t\t<div class=\"elementor-post__text\">\n\t\t\t\t<h3 class=\"elementor-post__title\">\n\t\t\t<a href=\"https:\/\/ai.migviet.com\/?p=621\" >\n\t\t\t\tTr\u1ee3 l\u00fd \u1ea3o N\u00f4ng nghi\u1ec7p \u2013 C\u00e1nh tay \u0111\u1eafc l\u1ef1c cho nh\u00e0 n\u00f4ng trong k\u1ef7 nguy\u00ean 4.0\t\t\t<\/a>\n\t\t<\/h3>\n\t\t\t\t<div class=\"elementor-post__meta-data\">\n\t\t\t\t\t<span class=\"elementor-post-date\">\n\t\t\t12 Th\u00e1ng 5, 2025\t\t<\/span>\n\t\t\t\t<span class=\"elementor-post-avatar\">\n\t\t\tKh\u00f4ng c\u00f3 b\u00ecnh lu\u1eadn\t\t<\/span>\n\t\t\t\t<\/div>\n\t\t\t\t<div class=\"elementor-post__excerpt\">\n\t\t\t<p>Trong b\u1ed1i c\u1ea3nh cu\u1ed9c c\u00e1ch m\u1ea1ng c\u00f4ng nghi\u1ec7p 4.0 \u0111ang di\u1ec5n ra m\u1ea1nh m\u1ebd, ng\u00e0nh n\u00f4ng nghi\u1ec7p Vi\u1ec7t Nam c\u0169ng kh\u00f4ng ng\u1eebng chuy\u1ec3n m\u00ecnh. Kh\u00f4ng<\/p>\n\t\t<\/div>\n\t\t\n\t\t<a class=\"elementor-post__read-more\" href=\"https:\/\/ai.migviet.com\/?p=621\" aria-label=\"Read more about Tr\u1ee3 l\u00fd \u1ea3o N\u00f4ng nghi\u1ec7p \u2013 C\u00e1nh tay \u0111\u1eafc l\u1ef1c cho nh\u00e0 n\u00f4ng trong k\u1ef7 nguy\u00ean 4.0\" tabindex=\"-1\" >\n\t\t\tRead More \u00bb\t\t<\/a>\n\n\t\t\t\t<\/div>\n\t\t\t\t<\/article>\n\t\t\t\t<\/div>\n\t\t\n\t\t\t\t\t\t<\/div>\n\t\t\t\t<\/div>\n\t\t\t\t\t<\/div>\n\t\t\t\t<\/div>\n\t\t\t\t<\/div>\n\t\t","protected":false},"excerpt":{"rendered":"","protected":false},"author":1,"featured_media":0,"parent":0,"menu_order":0,"comment_status":"closed","ping_status":"closed","template":"","meta":{"footnotes":""},"class_list":["post-479","page","type-page","status-publish","hentry"],"blocksy_meta":[],"_links":{"self":[{"href":"https:\/\/ai.migviet.com\/index.php?rest_route=\/wp\/v2\/pages\/479","targetHints":{"allow":["GET"]}}],"collection":[{"href":"https:\/\/ai.migviet.com\/index.php?rest_route=\/wp\/v2\/pages"}],"about":[{"href":"https:\/\/ai.migviet.com\/index.php?rest_route=\/wp\/v2\/types\/page"}],"author":[{"embeddable":true,"href":"https:\/\/ai.migviet.com\/index.php?rest_route=\/wp\/v2\/users\/1"}],"replies":[{"embeddable":true,"href":"https:\/\/ai.migviet.com\/index.php?rest_route=%2Fwp%2Fv2%2Fcomments&post=479"}],"version-history":[{"count":17,"href":"https:\/\/ai.migviet.com\/index.php?rest_route=\/wp\/v2\/pages\/479\/revisions"}],"predecessor-version":[{"id":655,"href":"https:\/\/ai.migviet.com\/index.php?rest_route=\/wp\/v2\/pages\/479\/revisions\/655"}],"wp:attachment":[{"href":"https:\/\/ai.migviet.com\/index.php?rest_route=%2Fwp%2Fv2%2Fmedia&parent=479"}],"curies":[{"name":"wp","href":"https:\/\/api.w.org\/{rel}","templated":true}]}}