{"id":53,"date":"2025-04-26T02:35:17","date_gmt":"2025-04-26T02:35:17","guid":{"rendered":"http:\/\/ai.migviet.com\/?page_id=53"},"modified":"2025-05-12T04:22:33","modified_gmt":"2025-05-12T04:22:33","slug":"he-sinh-thai-nong-nghiep","status":"publish","type":"page","link":"https:\/\/ai.migviet.com\/?page_id=53","title":{"rendered":"H\u1ec7 sinh th\u00e1i n\u00f4ng nghi\u1ec7p"},"content":{"rendered":"\t\t<div data-elementor-type=\"wp-page\" data-elementor-id=\"53\" class=\"elementor elementor-53\" data-elementor-post-type=\"page\">\n\t\t\t\t<div class=\"elementor-element elementor-element-f946d0f e-flex e-con-boxed e-con e-parent\" data-id=\"f946d0f\" data-element_type=\"container\">\n\t\t\t\t\t<div class=\"e-con-inner\">\n\t\t\t\t<div class=\"elementor-element elementor-element-a6b34f1 elementor-grid-1 elementor-posts--thumbnail-left elementor-grid-tablet-2 elementor-grid-mobile-1 elementor-widget elementor-widget-posts\" data-id=\"a6b34f1\" data-element_type=\"widget\" data-settings=\"{&quot;classic_columns&quot;:&quot;1&quot;,&quot;classic_columns_tablet&quot;:&quot;2&quot;,&quot;classic_columns_mobile&quot;:&quot;1&quot;,&quot;classic_row_gap&quot;:{&quot;unit&quot;:&quot;px&quot;,&quot;size&quot;:35,&quot;sizes&quot;:[]},&quot;classic_row_gap_tablet&quot;:{&quot;unit&quot;:&quot;px&quot;,&quot;size&quot;:&quot;&quot;,&quot;sizes&quot;:[]},&quot;classic_row_gap_mobile&quot;:{&quot;unit&quot;:&quot;px&quot;,&quot;size&quot;:&quot;&quot;,&quot;sizes&quot;:[]}}\" data-widget_type=\"posts.classic\">\n\t\t\t\t<div class=\"elementor-widget-container\">\n\t\t\t\t\t\t\t<div class=\"elementor-posts-container elementor-posts elementor-posts--skin-classic elementor-grid\">\n\t\t\t\t<article class=\"elementor-post elementor-grid-item post-614 post type-post status-publish format-standard has-post-thumbnail hentry category-he-sinh-thai-nong-nghiep\">\n\t\t\t\t<a class=\"elementor-post__thumbnail__link\" href=\"https:\/\/ai.migviet.com\/?p=614\" tabindex=\"-1\" >\n\t\t\t<div class=\"elementor-post__thumbnail\"><img fetchpriority=\"high\" decoding=\"async\" width=\"300\" height=\"189\" src=\"https:\/\/ai.migviet.com\/wp-content\/uploads\/2025\/05\/110h7-300x189.jpg\" class=\"attachment-medium size-medium wp-image-615\" alt=\"\" srcset=\"https:\/\/ai.migviet.com\/wp-content\/uploads\/2025\/05\/110h7-300x189.jpg 300w, https:\/\/ai.migviet.com\/wp-content\/uploads\/2025\/05\/110h7.jpg 600w\" sizes=\"(max-width: 300px) 100vw, 300px\" \/><\/div>\n\t\t<\/a>\n\t\t\t\t<div class=\"elementor-post__text\">\n\t\t\t\t<h3 class=\"elementor-post__title\">\n\t\t\t<a href=\"https:\/\/ai.migviet.com\/?p=614\" >\n\t\t\t\tH\u1ec7 sinh th\u00e1i n\u00f4ng nghi\u1ec7p: T\u1eeb tr\u1ee3 l\u00fd \u1ea3o \u0111\u1ebfn m\u1ea1ng l\u01b0\u1edbi ph\u00e1t tri\u1ec3n n\u00f4ng th\u00f4n s\u1ed1 to\u00e0n di\u1ec7n\t\t\t<\/a>\n\t\t<\/h3>\n\t\t\t\t<div class=\"elementor-post__meta-data\">\n\t\t\t\t\t<span class=\"elementor-post-date\">\n\t\t\t12 Th\u00e1ng 5, 2025\t\t<\/span>\n\t\t\t\t<span class=\"elementor-post-avatar\">\n\t\t\tKh\u00f4ng c\u00f3 b\u00ecnh lu\u1eadn\t\t<\/span>\n\t\t\t\t<\/div>\n\t\t\t\t<div class=\"elementor-post__excerpt\">\n\t\t\t<p>Trong qu\u00e1 tr\u00ecnh chuy\u1ec3n \u0111\u1ed5i s\u1ed1 n\u00f4ng nghi\u1ec7p t\u1ea1i Vi\u1ec7t Nam, vi\u1ec7c ch\u1ec9 s\u1ed1 h\u00f3a m\u1ed9t v\u00e0i c\u00f4ng c\u1ee5 k\u1ef9 thu\u1eadt kh\u00f4ng c\u00f2n \u0111\u1ee7. C\u1ea7n<\/p>\n\t\t<\/div>\n\t\t\n\t\t<a class=\"elementor-post__read-more\" href=\"https:\/\/ai.migviet.com\/?p=614\" aria-label=\"Read more about H\u1ec7 sinh th\u00e1i n\u00f4ng nghi\u1ec7p: T\u1eeb tr\u1ee3 l\u00fd \u1ea3o \u0111\u1ebfn m\u1ea1ng l\u01b0\u1edbi ph\u00e1t tri\u1ec3n n\u00f4ng th\u00f4n s\u1ed1 to\u00e0n di\u1ec7n\" tabindex=\"-1\" >\n\t\t\tRead More \u00bb\t\t<\/a>\n\n\t\t\t\t<\/div>\n\t\t\t\t<\/article>\n\t\t\t\t<\/div>\n\t\t\n\t\t\t\t\t\t<\/div>\n\t\t\t\t<\/div>\n\t\t\t\t\t<\/div>\n\t\t\t\t<\/div>\n\t\t<div class=\"elementor-element elementor-element-274dc4f e-flex e-con-boxed e-con e-parent\" data-id=\"274dc4f\" data-element_type=\"container\">\n\t\t\t\t\t<div class=\"e-con-inner\">\n\t\t\t\t<div class=\"elementor-element elementor-element-180ed63 elementor-grid-3 elementor-grid-tablet-2 elementor-grid-mobile-1 elementor-posts--thumbnail-top elementor-widget elementor-widget-posts\" data-id=\"180ed63\" data-element_type=\"widget\" data-settings=\"{&quot;classic_columns&quot;:&quot;3&quot;,&quot;classic_columns_tablet&quot;:&quot;2&quot;,&quot;classic_columns_mobile&quot;:&quot;1&quot;,&quot;classic_row_gap&quot;:{&quot;unit&quot;:&quot;px&quot;,&quot;size&quot;:35,&quot;sizes&quot;:[]},&quot;classic_row_gap_tablet&quot;:{&quot;unit&quot;:&quot;px&quot;,&quot;size&quot;:&quot;&quot;,&quot;sizes&quot;:[]},&quot;classic_row_gap_mobile&quot;:{&quot;unit&quot;:&quot;px&quot;,&quot;size&quot;:&quot;&quot;,&quot;sizes&quot;:[]}}\" data-widget_type=\"posts.classic\">\n\t\t\t\t<div class=\"elementor-widget-container\">\n\t\t\t\t\t\t\t<div class=\"elementor-posts-container elementor-posts elementor-posts--skin-classic elementor-grid\">\n\t\t\t\t<article class=\"elementor-post elementor-grid-item post-614 post type-post status-publish format-standard has-post-thumbnail hentry category-he-sinh-thai-nong-nghiep\">\n\t\t\t\t<a class=\"elementor-post__thumbnail__link\" href=\"https:\/\/ai.migviet.com\/?p=614\" tabindex=\"-1\" >\n\t\t\t<div class=\"elementor-post__thumbnail\"><img fetchpriority=\"high\" decoding=\"async\" width=\"300\" height=\"189\" src=\"https:\/\/ai.migviet.com\/wp-content\/uploads\/2025\/05\/110h7-300x189.jpg\" class=\"attachment-medium size-medium wp-image-615\" alt=\"\" srcset=\"https:\/\/ai.migviet.com\/wp-content\/uploads\/2025\/05\/110h7-300x189.jpg 300w, https:\/\/ai.migviet.com\/wp-content\/uploads\/2025\/05\/110h7.jpg 600w\" sizes=\"(max-width: 300px) 100vw, 300px\" \/><\/div>\n\t\t<\/a>\n\t\t\t\t<div class=\"elementor-post__text\">\n\t\t\t\t<h3 class=\"elementor-post__title\">\n\t\t\t<a href=\"https:\/\/ai.migviet.com\/?p=614\" >\n\t\t\t\tH\u1ec7 sinh th\u00e1i n\u00f4ng nghi\u1ec7p: T\u1eeb tr\u1ee3 l\u00fd \u1ea3o \u0111\u1ebfn m\u1ea1ng l\u01b0\u1edbi ph\u00e1t tri\u1ec3n n\u00f4ng th\u00f4n s\u1ed1 to\u00e0n di\u1ec7n\t\t\t<\/a>\n\t\t<\/h3>\n\t\t\t\t<div class=\"elementor-post__meta-data\">\n\t\t\t\t\t<span class=\"elementor-post-date\">\n\t\t\t12 Th\u00e1ng 5, 2025\t\t<\/span>\n\t\t\t\t<span class=\"elementor-post-avatar\">\n\t\t\tKh\u00f4ng c\u00f3 b\u00ecnh lu\u1eadn\t\t<\/span>\n\t\t\t\t<\/div>\n\t\t\t\t<div class=\"elementor-post__excerpt\">\n\t\t\t<p>Trong qu\u00e1 tr\u00ecnh chuy\u1ec3n \u0111\u1ed5i s\u1ed1 n\u00f4ng nghi\u1ec7p t\u1ea1i Vi\u1ec7t Nam, vi\u1ec7c ch\u1ec9 s\u1ed1 h\u00f3a m\u1ed9t v\u00e0i c\u00f4ng c\u1ee5 k\u1ef9 thu\u1eadt kh\u00f4ng c\u00f2n \u0111\u1ee7. C\u1ea7n<\/p>\n\t\t<\/div>\n\t\t\n\t\t<a class=\"elementor-post__read-more\" href=\"https:\/\/ai.migviet.com\/?p=614\" aria-label=\"Read more about H\u1ec7 sinh th\u00e1i n\u00f4ng nghi\u1ec7p: T\u1eeb tr\u1ee3 l\u00fd \u1ea3o \u0111\u1ebfn m\u1ea1ng l\u01b0\u1edbi ph\u00e1t tri\u1ec3n n\u00f4ng th\u00f4n s\u1ed1 to\u00e0n di\u1ec7n\" tabindex=\"-1\" >\n\t\t\tRead More \u00bb\t\t<\/a>\n\n\t\t\t\t<\/div>\n\t\t\t\t<\/article>\n\t\t\t\t<article class=\"elementor-post elementor-grid-item post-608 post type-post status-publish format-standard has-post-thumbnail hentry category-he-sinh-thai-nong-nghiep\">\n\t\t\t\t<a class=\"elementor-post__thumbnail__link\" href=\"https:\/\/ai.migviet.com\/?p=608\" tabindex=\"-1\" >\n\t\t\t<div class=\"elementor-post__thumbnail\"><img decoding=\"async\" width=\"300\" height=\"200\" src=\"https:\/\/ai.migviet.com\/wp-content\/uploads\/2025\/05\/20221101-ta1-300x200.jpeg\" class=\"attachment-medium size-medium wp-image-609\" alt=\"\" srcset=\"https:\/\/ai.migviet.com\/wp-content\/uploads\/2025\/05\/20221101-ta1-300x200.jpeg 300w, https:\/\/ai.migviet.com\/wp-content\/uploads\/2025\/05\/20221101-ta1-1024x683.jpeg 1024w, https:\/\/ai.migviet.com\/wp-content\/uploads\/2025\/05\/20221101-ta1-768x512.jpeg 768w, https:\/\/ai.migviet.com\/wp-content\/uploads\/2025\/05\/20221101-ta1.jpeg 1400w\" sizes=\"(max-width: 300px) 100vw, 300px\" \/><\/div>\n\t\t<\/a>\n\t\t\t\t<div class=\"elementor-post__text\">\n\t\t\t\t<h3 class=\"elementor-post__title\">\n\t\t\t<a href=\"https:\/\/ai.migviet.com\/?p=608\" >\n\t\t\t\tM\u1ed9t h\u1ec7 sinh th\u00e1i &#8211; Nhi\u1ec1u gi\u1ea3i ph\u00e1p: T\u00edch h\u1ee3p N\u00f4ng nghi\u1ec7p, Logistic, T\u00e0i ch\u00ednh v\u00e0 Du l\u1ecbch trong m\u1ed9t n\u1ec1n t\u1ea3ng duy nh\u1ea5t\t\t\t<\/a>\n\t\t<\/h3>\n\t\t\t\t<div class=\"elementor-post__meta-data\">\n\t\t\t\t\t<span class=\"elementor-post-date\">\n\t\t\t12 Th\u00e1ng 5, 2025\t\t<\/span>\n\t\t\t\t<span class=\"elementor-post-avatar\">\n\t\t\tKh\u00f4ng c\u00f3 b\u00ecnh lu\u1eadn\t\t<\/span>\n\t\t\t\t<\/div>\n\t\t\t\t<div class=\"elementor-post__excerpt\">\n\t\t\t<p>Trong n\u00f4ng nghi\u1ec7p truy\u1ec1n th\u1ed1ng, ng\u01b0\u1eddi n\u00f4ng d\u00e2n th\u01b0\u1eddng ph\u1ea3i t\u1ef1 xoay x\u1edf v\u1edbi qu\u00e1 nhi\u1ec1u kh\u00e2u: tr\u1ed3ng tr\u1ecdt, t\u00ecm th\u1ecb tr\u01b0\u1eddng, v\u1eadn chuy\u1ec3n, x\u1eed<\/p>\n\t\t<\/div>\n\t\t\n\t\t<a class=\"elementor-post__read-more\" href=\"https:\/\/ai.migviet.com\/?p=608\" aria-label=\"Read more about M\u1ed9t h\u1ec7 sinh th\u00e1i &#8211; Nhi\u1ec1u gi\u1ea3i ph\u00e1p: T\u00edch h\u1ee3p N\u00f4ng nghi\u1ec7p, Logistic, T\u00e0i ch\u00ednh v\u00e0 Du l\u1ecbch trong m\u1ed9t n\u1ec1n t\u1ea3ng duy nh\u1ea5t\" tabindex=\"-1\" >\n\t\t\tRead More \u00bb\t\t<\/a>\n\n\t\t\t\t<\/div>\n\t\t\t\t<\/article>\n\t\t\t\t<article class=\"elementor-post elementor-grid-item post-603 post type-post status-publish format-standard has-post-thumbnail hentry category-he-sinh-thai-nong-nghiep\">\n\t\t\t\t<a class=\"elementor-post__thumbnail__link\" href=\"https:\/\/ai.migviet.com\/?p=603\" tabindex=\"-1\" >\n\t\t\t<div class=\"elementor-post__thumbnail\"><img decoding=\"async\" width=\"300\" height=\"156\" src=\"https:\/\/ai.migviet.com\/wp-content\/uploads\/2025\/05\/Vien-ISB_Ung-dung-cua-big-data-trong-theo-doi-xu-huong-nong-nghiep-300x156.png\" class=\"attachment-medium size-medium wp-image-604\" alt=\"\" srcset=\"https:\/\/ai.migviet.com\/wp-content\/uploads\/2025\/05\/Vien-ISB_Ung-dung-cua-big-data-trong-theo-doi-xu-huong-nong-nghiep-300x156.png 300w, https:\/\/ai.migviet.com\/wp-content\/uploads\/2025\/05\/Vien-ISB_Ung-dung-cua-big-data-trong-theo-doi-xu-huong-nong-nghiep-768x400.png 768w, https:\/\/ai.migviet.com\/wp-content\/uploads\/2025\/05\/Vien-ISB_Ung-dung-cua-big-data-trong-theo-doi-xu-huong-nong-nghiep.png 960w\" sizes=\"(max-width: 300px) 100vw, 300px\" \/><\/div>\n\t\t<\/a>\n\t\t\t\t<div class=\"elementor-post__text\">\n\t\t\t\t<h3 class=\"elementor-post__title\">\n\t\t\t<a href=\"https:\/\/ai.migviet.com\/?p=603\" >\n\t\t\t\tBig Data &amp; Social Listening &#8211; Khi h\u1ec7 sinh th\u00e1i n\u00f4ng nghi\u1ec7p c\u00f3 th\u1ec3 &#8220;nghe&#8221; th\u1ecb tr\u01b0\u1eddng v\u00e0 d\u1ef1 b\u00e1o t\u01b0\u01a1ng lai\t\t\t<\/a>\n\t\t<\/h3>\n\t\t\t\t<div class=\"elementor-post__meta-data\">\n\t\t\t\t\t<span class=\"elementor-post-date\">\n\t\t\t12 Th\u00e1ng 5, 2025\t\t<\/span>\n\t\t\t\t<span class=\"elementor-post-avatar\">\n\t\t\tKh\u00f4ng c\u00f3 b\u00ecnh lu\u1eadn\t\t<\/span>\n\t\t\t\t<\/div>\n\t\t\t\t<div class=\"elementor-post__excerpt\">\n\t\t\t<p>Trong n\u1ec1n n\u00f4ng nghi\u1ec7p truy\u1ec1n th\u1ed1ng, ng\u01b0\u1eddi n\u00f4ng d\u00e2n th\u01b0\u1eddng d\u1ef1a v\u00e0o kinh nghi\u1ec7m ho\u1eb7c tin \u0111\u1ed3n \u0111\u1ec3 quy\u1ebft \u0111\u1ecbnh tr\u1ed3ng c\u00e2y g\u00ec, nu\u00f4i con<\/p>\n\t\t<\/div>\n\t\t\n\t\t<a class=\"elementor-post__read-more\" href=\"https:\/\/ai.migviet.com\/?p=603\" aria-label=\"Read more about Big Data &amp; Social Listening &#8211; Khi h\u1ec7 sinh th\u00e1i n\u00f4ng nghi\u1ec7p c\u00f3 th\u1ec3 &#8220;nghe&#8221; th\u1ecb tr\u01b0\u1eddng v\u00e0 d\u1ef1 b\u00e1o t\u01b0\u01a1ng lai\" tabindex=\"-1\" >\n\t\t\tRead More \u00bb\t\t<\/a>\n\n\t\t\t\t<\/div>\n\t\t\t\t<\/article>\n\t\t\t\t<article class=\"elementor-post elementor-grid-item post-597 post type-post status-publish format-standard has-post-thumbnail hentry category-he-sinh-thai-nong-nghiep\">\n\t\t\t\t<a class=\"elementor-post__thumbnail__link\" href=\"https:\/\/ai.migviet.com\/?p=597\" tabindex=\"-1\" >\n\t\t\t<div class=\"elementor-post__thumbnail\"><img loading=\"lazy\" decoding=\"async\" width=\"300\" height=\"200\" src=\"https:\/\/ai.migviet.com\/wp-content\/uploads\/2025\/05\/gpcdsnn-300x200.jpg\" class=\"attachment-medium size-medium wp-image-598\" alt=\"\" srcset=\"https:\/\/ai.migviet.com\/wp-content\/uploads\/2025\/05\/gpcdsnn-300x200.jpg 300w, https:\/\/ai.migviet.com\/wp-content\/uploads\/2025\/05\/gpcdsnn-768x512.jpg 768w, https:\/\/ai.migviet.com\/wp-content\/uploads\/2025\/05\/gpcdsnn.jpg 800w\" sizes=\"(max-width: 300px) 100vw, 300px\" \/><\/div>\n\t\t<\/a>\n\t\t\t\t<div class=\"elementor-post__text\">\n\t\t\t\t<h3 class=\"elementor-post__title\">\n\t\t\t<a href=\"https:\/\/ai.migviet.com\/?p=597\" >\n\t\t\t\tT\u1eeb \u0111\u1ed3ng ru\u1ed9ng \u0111\u1ebfn \u0111i\u1ec3m check-in: Du l\u1ecbch c\u1ed9ng \u0111\u1ed3ng trong h\u1ec7 sinh th\u00e1i \u1ea3o n\u00f4ng nghi\u1ec7p\t\t\t<\/a>\n\t\t<\/h3>\n\t\t\t\t<div class=\"elementor-post__meta-data\">\n\t\t\t\t\t<span class=\"elementor-post-date\">\n\t\t\t12 Th\u00e1ng 5, 2025\t\t<\/span>\n\t\t\t\t<span class=\"elementor-post-avatar\">\n\t\t\tKh\u00f4ng c\u00f3 b\u00ecnh lu\u1eadn\t\t<\/span>\n\t\t\t\t<\/div>\n\t\t\t\t<div class=\"elementor-post__excerpt\">\n\t\t\t<p>C\u00e2u chuy\u1ec7n m\u1edbi \u1edf v\u00f9ng cao Gi\u1eefa m\u00f9a v\u00e0ng M\u00f9 Cang Ch\u1ea3i, du kh\u00e1ch kh\u00f4ng ch\u1ec9 ng\u1ee1 ng\u00e0ng tr\u01b0\u1edbc v\u1ebb \u0111\u1eb9p c\u1ee7a nh\u1eefng th\u1eeda ru\u1ed9ng<\/p>\n\t\t<\/div>\n\t\t\n\t\t<a class=\"elementor-post__read-more\" href=\"https:\/\/ai.migviet.com\/?p=597\" aria-label=\"Read more about T\u1eeb \u0111\u1ed3ng ru\u1ed9ng \u0111\u1ebfn \u0111i\u1ec3m check-in: Du l\u1ecbch c\u1ed9ng \u0111\u1ed3ng trong h\u1ec7 sinh th\u00e1i \u1ea3o n\u00f4ng nghi\u1ec7p\" tabindex=\"-1\" >\n\t\t\tRead More \u00bb\t\t<\/a>\n\n\t\t\t\t<\/div>\n\t\t\t\t<\/article>\n\t\t\t\t<article class=\"elementor-post elementor-grid-item post-587 post type-post status-publish format-standard has-post-thumbnail hentry category-he-sinh-thai-nong-nghiep\">\n\t\t\t\t<a class=\"elementor-post__thumbnail__link\" href=\"https:\/\/ai.migviet.com\/?p=587\" tabindex=\"-1\" >\n\t\t\t<div class=\"elementor-post__thumbnail\"><img loading=\"lazy\" decoding=\"async\" width=\"300\" height=\"188\" src=\"https:\/\/ai.migviet.com\/wp-content\/uploads\/2025\/05\/66929-e1746766025963-300x188-1.jpg\" class=\"attachment-medium size-medium wp-image-546\" alt=\"\" \/><\/div>\n\t\t<\/a>\n\t\t\t\t<div class=\"elementor-post__text\">\n\t\t\t\t<h3 class=\"elementor-post__title\">\n\t\t\t<a href=\"https:\/\/ai.migviet.com\/?p=587\" >\n\t\t\t\tH\u1ec7 sinh th\u00e1i tr\u1ee3 l\u00fd \u1ea3o n\u00f4ng nghi\u1ec7p: N\u1ec1n t\u1ea3ng s\u1ed1 to\u00e0n di\u1ec7n cho ng\u01b0\u1eddi n\u00f4ng d\u00e2n\t\t\t<\/a>\n\t\t<\/h3>\n\t\t\t\t<div class=\"elementor-post__meta-data\">\n\t\t\t\t\t<span class=\"elementor-post-date\">\n\t\t\t12 Th\u00e1ng 5, 2025\t\t<\/span>\n\t\t\t\t<span class=\"elementor-post-avatar\">\n\t\t\tKh\u00f4ng c\u00f3 b\u00ecnh lu\u1eadn\t\t<\/span>\n\t\t\t\t<\/div>\n\t\t\t\t<div class=\"elementor-post__excerpt\">\n\t\t\t<p>Trong h\u00e0nh tr\u00ecnh chuy\u1ec3n \u0111\u1ed5i s\u1ed1 n\u00f4ng nghi\u1ec7p Vi\u1ec7t Nam, \u201cTr\u1ee3 l\u00fd \u1ea3o Nh\u00e0 n\u00f4ng\u201d kh\u00f4ng ch\u1ec9 l\u00e0 m\u1ed9t c\u00f4ng c\u1ee5 h\u1ecfi \u0111\u00e1p k\u1ef9 thu\u1eadt,<\/p>\n\t\t<\/div>\n\t\t\n\t\t<a class=\"elementor-post__read-more\" href=\"https:\/\/ai.migviet.com\/?p=587\" aria-label=\"Read more about H\u1ec7 sinh th\u00e1i tr\u1ee3 l\u00fd \u1ea3o n\u00f4ng nghi\u1ec7p: N\u1ec1n t\u1ea3ng s\u1ed1 to\u00e0n di\u1ec7n cho ng\u01b0\u1eddi n\u00f4ng d\u00e2n\" tabindex=\"-1\" >\n\t\t\tRead More \u00bb\t\t<\/a>\n\n\t\t\t\t<\/div>\n\t\t\t\t<\/article>\n\t\t\t\t<article class=\"elementor-post elementor-grid-item post-549 post type-post status-publish format-standard has-post-thumbnail hentry category-he-sinh-thai-nong-nghiep\">\n\t\t\t\t<a class=\"elementor-post__thumbnail__link\" href=\"https:\/\/ai.migviet.com\/?p=549\" tabindex=\"-1\" >\n\t\t\t<div class=\"elementor-post__thumbnail\"><img loading=\"lazy\" decoding=\"async\" width=\"300\" height=\"225\" src=\"https:\/\/ai.migviet.com\/wp-content\/uploads\/2025\/05\/nong-nghiep-4.0-la-gi-300x225.jpg\" class=\"attachment-medium size-medium wp-image-550\" alt=\"\" srcset=\"https:\/\/ai.migviet.com\/wp-content\/uploads\/2025\/05\/nong-nghiep-4.0-la-gi-300x225.jpg 300w, https:\/\/ai.migviet.com\/wp-content\/uploads\/2025\/05\/nong-nghiep-4.0-la-gi-768x576.jpg 768w, https:\/\/ai.migviet.com\/wp-content\/uploads\/2025\/05\/nong-nghiep-4.0-la-gi.jpg 800w\" sizes=\"(max-width: 300px) 100vw, 300px\" \/><\/div>\n\t\t<\/a>\n\t\t\t\t<div class=\"elementor-post__text\">\n\t\t\t\t<h3 class=\"elementor-post__title\">\n\t\t\t<a href=\"https:\/\/ai.migviet.com\/?p=549\" >\n\t\t\t\tTr\u1ee3 l\u00fd \u1ea3o &#8211; Tr\u00e1i tim c\u1ee7a h\u1ec7 sinh th\u00e1i n\u00f4ng nghi\u1ec7p s\u1ed1\t\t\t<\/a>\n\t\t<\/h3>\n\t\t\t\t<div class=\"elementor-post__meta-data\">\n\t\t\t\t\t<span class=\"elementor-post-date\">\n\t\t\t12 Th\u00e1ng 5, 2025\t\t<\/span>\n\t\t\t\t<span class=\"elementor-post-avatar\">\n\t\t\tKh\u00f4ng c\u00f3 b\u00ecnh lu\u1eadn\t\t<\/span>\n\t\t\t\t<\/div>\n\t\t\t\t<div class=\"elementor-post__excerpt\">\n\t\t\t<p>Trong b\u1ed1i c\u1ea3nh chuy\u1ec3n \u0111\u1ed5i s\u1ed1 \u0111ang di\u1ec5n ra s\u00e2u r\u1ed9ng tr\u00ean to\u00e0n qu\u1ed1c, n\u00f4ng nghi\u1ec7p \u2013 l\u0129nh v\u1ef1c t\u01b0\u1edfng nh\u01b0 &#8220;xa r\u1eddi c\u00f4ng ngh\u1ec7&#8221;<\/p>\n\t\t<\/div>\n\t\t\n\t\t<a class=\"elementor-post__read-more\" href=\"https:\/\/ai.migviet.com\/?p=549\" aria-label=\"Read more about Tr\u1ee3 l\u00fd \u1ea3o &#8211; Tr\u00e1i tim c\u1ee7a h\u1ec7 sinh th\u00e1i n\u00f4ng nghi\u1ec7p s\u1ed1\" tabindex=\"-1\" >\n\t\t\tRead More \u00bb\t\t<\/a>\n\n\t\t\t\t<\/div>\n\t\t\t\t<\/article>\n\t\t\t\t<\/div>\n\t\t\n\t\t\t\t\t\t<\/div>\n\t\t\t\t<\/div>\n\t\t\t\t\t<\/div>\n\t\t\t\t<\/div>\n\t\t\t\t<\/div>\n\t\t","protected":false},"excerpt":{"rendered":"","protected":false},"author":1,"featured_media":0,"parent":42,"menu_order":0,"comment_status":"closed","ping_status":"closed","template":"","meta":{"footnotes":""},"class_list":["post-53","page","type-page","status-publish","hentry"],"blocksy_meta":[],"_links":{"self":[{"href":"https:\/\/ai.migviet.com\/index.php?rest_route=\/wp\/v2\/pages\/53","targetHints":{"allow":["GET"]}}],"collection":[{"href":"https:\/\/ai.migviet.com\/index.php?rest_route=\/wp\/v2\/pages"}],"about":[{"href":"https:\/\/ai.migviet.com\/index.php?rest_route=\/wp\/v2\/types\/page"}],"author":[{"embeddable":true,"href":"https:\/\/ai.migviet.com\/index.php?rest_route=\/wp\/v2\/users\/1"}],"replies":[{"embeddable":true,"href":"https:\/\/ai.migviet.com\/index.php?rest_route=%2Fwp%2Fv2%2Fcomments&post=53"}],"version-history":[{"count":99,"href":"https:\/\/ai.migviet.com\/index.php?rest_route=\/wp\/v2\/pages\/53\/revisions"}],"predecessor-version":[{"id":680,"href":"https:\/\/ai.migviet.com\/index.php?rest_route=\/wp\/v2\/pages\/53\/revisions\/680"}],"up":[{"embeddable":true,"href":"https:\/\/ai.migviet.com\/index.php?rest_route=\/wp\/v2\/pages\/42"}],"wp:attachment":[{"href":"https:\/\/ai.migviet.com\/index.php?rest_route=%2Fwp%2Fv2%2Fmedia&parent=53"}],"curies":[{"name":"wp","href":"https:\/\/api.w.org\/{rel}","templated":true}]}}